{"id":119,"date":"2023-05-16T11:39:30","date_gmt":"2023-05-16T09:39:30","guid":{"rendered":"http:\/\/localhost\/planetb\/?page_id=119"},"modified":"2026-04-03T12:54:42","modified_gmt":"2026-04-03T10:54:42","slug":"nachhaltigkeit","status":"publish","type":"page","link":"https:\/\/planetb.travel\/fr\/nachhaltigkeit\/","title":{"rendered":"Durabilit\u00e9"},"content":{"rendered":"<p>Pour nous, la durabilit\u00e9 n&rsquo;est pas une tendance, c&rsquo;est un \u00e9tat d&rsquo;esprit. Elle fa\u00e7onne notre fa\u00e7on de voyager, de concevoir nos voyages et de collaborer avec nos partenaires \u00e0 travers le monde.<\/p>\n<p>En tant que voyagiste, nous avons une responsabilit\u00e9 envers les destinations que nous visitons, les personnes que nous rencontrons et l&rsquo;avenir du tourisme. Nous pensons que les voyages peuvent enrichir la vie, rapprocher les cultures et favoriser la compr\u00e9hension, \u00e0 condition qu&rsquo;ils soient con\u00e7us de mani\u00e8re r\u00e9fl\u00e9chie et responsable.<\/p>\n<p>Forts de cette conviction, nous avons choisi de faire \u00e9valuer notre performance en mati\u00e8re de durabilit\u00e9 de mani\u00e8re ind\u00e9pendante, transparente et mesurable, selon des normes internationalement reconnues.<\/p>\n<p>Le 1er mars 2024, nous avons obtenu la certification <b>Travelife <\/b><b>Certified \u2013 Excellence in Sustainability<\/b>. Cette certification internationalement reconnue confirme notre engagement \u00e0 long terme en faveur de pratiques commerciales responsables et du d\u00e9veloppement du tourisme durable.<\/p>\n<hr \/>\n<p><\/p>","protected":false},"excerpt":{"rendered":"<p>Pour nous, la durabilit\u00e9 n&rsquo;est pas une tendance, c&rsquo;est un \u00e9tat d&rsquo;esprit. Elle fa\u00e7onne notre fa\u00e7on de voyager, de concevoir nos voyages et de collaborer avec nos partenaires \u00e0 travers le monde. En tant que voyagiste, nous avons une responsabilit\u00e9 envers les destinations que nous visitons, les personnes que nous rencontrons et l&rsquo;avenir du tourisme. [&hellip;]<\/p>\n","protected":false},"author":1,"featured_media":4911,"parent":0,"menu_order":0,"comment_status":"closed","ping_status":"closed","template":"","meta":{"_acf_changed":false,"inline_featured_image":false,"_vp_format_video_url":"","_vp_image_focal_point":[],"footnotes":""},"class_list":["post-119","page","type-page","status-publish","has-post-thumbnail","hentry"],"acf":[],"_links":{"self":[{"href":"https:\/\/planetb.travel\/fr\/wp-json\/wp\/v2\/pages\/119","targetHints":{"allow":["GET"]}}],"collection":[{"href":"https:\/\/planetb.travel\/fr\/wp-json\/wp\/v2\/pages"}],"about":[{"href":"https:\/\/planetb.travel\/fr\/wp-json\/wp\/v2\/types\/page"}],"author":[{"embeddable":true,"href":"https:\/\/planetb.travel\/fr\/wp-json\/wp\/v2\/users\/1"}],"replies":[{"embeddable":true,"href":"https:\/\/planetb.travel\/fr\/wp-json\/wp\/v2\/comments?post=119"}],"version-history":[{"count":82,"href":"https:\/\/planetb.travel\/fr\/wp-json\/wp\/v2\/pages\/119\/revisions"}],"predecessor-version":[{"id":5005,"href":"https:\/\/planetb.travel\/fr\/wp-json\/wp\/v2\/pages\/119\/revisions\/5005"}],"wp:featuredmedia":[{"embeddable":true,"href":"https:\/\/planetb.travel\/fr\/wp-json\/wp\/v2\/media\/4911"}],"wp:attachment":[{"href":"https:\/\/planetb.travel\/fr\/wp-json\/wp\/v2\/media?parent=119"}],"curies":[{"name":"wp","href":"https:\/\/api.w.org\/{rel}","templated":true}]}}