{"id":3384,"date":"2025-01-29T09:57:17","date_gmt":"2025-01-29T08:57:17","guid":{"rendered":"https:\/\/planetb.travel\/?page_id=3384"},"modified":"2026-03-31T11:13:22","modified_gmt":"2026-03-31T09:13:22","slug":"engagement","status":"publish","type":"page","link":"https:\/\/planetb.travel\/fr\/engagement\/","title":{"rendered":"Engagement &#038; Sensibilisation"},"content":{"rendered":"<p>Un comportement durable ne commence pas forc\u00e9ment par une grande r\u00e9solution. Il commence dans la vie quotidienne, par de petites decisions conscientes qui avec le temps, deviennent une attitude spontan\u00e9e. Plus cette prise de conscience est pr\u00e9cose, plus elle s&rsquo;enracine naturellement. Chez les enfants, les jeunes, les adultes et dans les organisations.<\/p>\n<p>Les voyages font partie des exp\u00e9riences les plus marquantes dans la vie d&rsquo;une personne. Ils ouvrent les yeux, aiguisent la conscience &#8211; pour le monde, pour les autres et pour sa propre responsabilit\u00e9. C&rsquo;est pr\u00e9cis\u00e9ment pour cette raison qu&rsquo;ils constituent l&rsquo;un des moyens les plus efficaces pour \u00e9veiller et renforcer les attitudes durables.<\/p>\n<p>Les attitudes durables ne naissent pas de prescriptions. Elles naissent de la prise de conscience, des rencontres et des bonnes questions pos\u00e9es au bon moment. Planet B est plus qu&rsquo;un simple voyagiste : nous nous engageons. \u00c0 travers des conf\u00e9rences, des ateliers et des partenariats, nous abordons le sujet l\u00e0 o\u00f9 les attitudes se forment : dans les \u00e9coles, les entreprises, les communaut\u00e9s et les organisations.<\/p>","protected":false},"excerpt":{"rendered":"<p>Un comportement durable ne commence pas forc\u00e9ment par une grande r\u00e9solution. Il commence dans la vie quotidienne, par de petites decisions conscientes qui avec le temps, deviennent une attitude spontan\u00e9e. Plus cette prise de conscience est pr\u00e9cose, plus elle s&rsquo;enracine naturellement. Chez les enfants, les jeunes, les adultes et dans les organisations. Les voyages font [&hellip;]<\/p>\n","protected":false},"author":1,"featured_media":4910,"parent":0,"menu_order":0,"comment_status":"closed","ping_status":"closed","template":"","meta":{"_acf_changed":false,"inline_featured_image":false,"_vp_format_video_url":"","_vp_image_focal_point":[],"footnotes":""},"class_list":["post-3384","page","type-page","status-publish","has-post-thumbnail","hentry"],"acf":[],"_links":{"self":[{"href":"https:\/\/planetb.travel\/fr\/wp-json\/wp\/v2\/pages\/3384","targetHints":{"allow":["GET"]}}],"collection":[{"href":"https:\/\/planetb.travel\/fr\/wp-json\/wp\/v2\/pages"}],"about":[{"href":"https:\/\/planetb.travel\/fr\/wp-json\/wp\/v2\/types\/page"}],"author":[{"embeddable":true,"href":"https:\/\/planetb.travel\/fr\/wp-json\/wp\/v2\/users\/1"}],"replies":[{"embeddable":true,"href":"https:\/\/planetb.travel\/fr\/wp-json\/wp\/v2\/comments?post=3384"}],"version-history":[{"count":84,"href":"https:\/\/planetb.travel\/fr\/wp-json\/wp\/v2\/pages\/3384\/revisions"}],"predecessor-version":[{"id":4998,"href":"https:\/\/planetb.travel\/fr\/wp-json\/wp\/v2\/pages\/3384\/revisions\/4998"}],"wp:featuredmedia":[{"embeddable":true,"href":"https:\/\/planetb.travel\/fr\/wp-json\/wp\/v2\/media\/4910"}],"wp:attachment":[{"href":"https:\/\/planetb.travel\/fr\/wp-json\/wp\/v2\/media?parent=3384"}],"curies":[{"name":"wp","href":"https:\/\/api.w.org\/{rel}","templated":true}]}}