{"id":67,"date":"2023-05-11T17:16:09","date_gmt":"2023-05-11T15:16:09","guid":{"rendered":"http:\/\/localhost\/planetb\/?page_id=67"},"modified":"2026-03-09T10:50:12","modified_gmt":"2026-03-09T09:50:12","slug":"uber-uns","status":"publish","type":"page","link":"https:\/\/planetb.travel\/fr\/uber-uns\/","title":{"rendered":"Qui sommes-nous ?"},"content":{"rendered":"<p>Planet B est une marque de Bollig Tours. Des dizaines d&rsquo;ann\u00e9es d&rsquo;exp\u00e9rience dans le tourisme ont fait na\u00eetre la conscience et la conviction que nous devons soumettre nos voyages aux crit\u00e8res de la durabilit\u00e9, tout comme de nombreux autres aspects de notre vie. Le respect et le traitement \u00e9quitable de toutes les parties prenantes sont au premier plan.<\/p>","protected":false},"excerpt":{"rendered":"<p>Planet B est une marque de Bollig Tours. Des dizaines d&rsquo;ann\u00e9es d&rsquo;exp\u00e9rience dans le tourisme ont fait na\u00eetre la conscience et la conviction que nous devons soumettre nos voyages aux crit\u00e8res de la durabilit\u00e9, tout comme de nombreux autres aspects de notre vie. Le respect et le traitement \u00e9quitable de toutes les parties prenantes sont [&hellip;]<\/p>\n","protected":false},"author":1,"featured_media":4909,"parent":0,"menu_order":0,"comment_status":"closed","ping_status":"closed","template":"","meta":{"_acf_changed":false,"inline_featured_image":false,"_vp_format_video_url":"","_vp_image_focal_point":[],"footnotes":""},"class_list":["post-67","page","type-page","status-publish","has-post-thumbnail","hentry"],"acf":[],"_links":{"self":[{"href":"https:\/\/planetb.travel\/fr\/wp-json\/wp\/v2\/pages\/67","targetHints":{"allow":["GET"]}}],"collection":[{"href":"https:\/\/planetb.travel\/fr\/wp-json\/wp\/v2\/pages"}],"about":[{"href":"https:\/\/planetb.travel\/fr\/wp-json\/wp\/v2\/types\/page"}],"author":[{"embeddable":true,"href":"https:\/\/planetb.travel\/fr\/wp-json\/wp\/v2\/users\/1"}],"replies":[{"embeddable":true,"href":"https:\/\/planetb.travel\/fr\/wp-json\/wp\/v2\/comments?post=67"}],"version-history":[{"count":123,"href":"https:\/\/planetb.travel\/fr\/wp-json\/wp\/v2\/pages\/67\/revisions"}],"predecessor-version":[{"id":4903,"href":"https:\/\/planetb.travel\/fr\/wp-json\/wp\/v2\/pages\/67\/revisions\/4903"}],"wp:featuredmedia":[{"embeddable":true,"href":"https:\/\/planetb.travel\/fr\/wp-json\/wp\/v2\/media\/4909"}],"wp:attachment":[{"href":"https:\/\/planetb.travel\/fr\/wp-json\/wp\/v2\/media?parent=67"}],"curies":[{"name":"wp","href":"https:\/\/api.w.org\/{rel}","templated":true}]}}